{"id":558,"date":"2023-09-20T16:28:35","date_gmt":"2023-09-20T14:28:35","guid":{"rendered":"https:\/\/dev.h-tag.ch\/haeusermann-taskmanagement\/"},"modified":"2023-09-29T13:03:17","modified_gmt":"2023-09-29T11:03:17","slug":"haeusermann-taskmanagement","status":"publish","type":"page","link":"https:\/\/www.h-tag.ch\/en\/","title":{"rendered":"H\u00e4usermann Taskmanagement"},"content":{"rendered":"\t\t<div data-elementor-type=\"wp-page\" data-elementor-id=\"558\" class=\"elementor elementor-558 elementor-57\" data-elementor-post-type=\"page\">\n\t\t\t\t<div class=\"elementor-element elementor-element-3ddcd56d e-con-full e-flex e-con e-parent\" data-id=\"3ddcd56d\" data-element_type=\"container\" data-e-type=\"container\" data-settings=\"{&quot;background_background&quot;:&quot;classic&quot;}\">\n\t\t<div class=\"elementor-element elementor-element-683bfc8d e-con-full e-flex e-con e-child\" data-id=\"683bfc8d\" data-element_type=\"container\" data-e-type=\"container\">\n\t\t\t\t<div class=\"elementor-element elementor-element-582a44d3 elementor-widget elementor-widget-heading\" data-id=\"582a44d3\" data-element_type=\"widget\" data-e-type=\"widget\" data-widget_type=\"heading.default\">\n\t\t\t\t<div class=\"elementor-widget-container\">\n\t\t\t\t\t<h1 class=\"elementor-heading-title elementor-size-default\">Welcome to H\u00e4usermann Taskmanagement<\/h1>\t\t\t\t<\/div>\n\t\t\t\t<\/div>\n\t\t\t\t<div class=\"elementor-element elementor-element-15b11b70 elementor-widget elementor-widget-text-editor\" data-id=\"15b11b70\" data-element_type=\"widget\" data-e-type=\"widget\" data-widget_type=\"text-editor.default\">\n\t\t\t\t<div class=\"elementor-widget-container\">\n\t\t\t\t\t\t\t\t\t<p>H\u00e4usermann Taskmanagement AG was established in July 2003 to offer optimal short-term support to companies and corporations which find themselves in challenging situations where resources are critical. If necessary, this support may go on longer-term.<\/p>\n<ul>\n<li><strong>Corporate Governance<\/strong>: Interim management and appointments to Boards of Directors<\/li>\n<li><strong>Project management<\/strong>:<br \/>change management, feasibility studies<\/li>\n<li><strong>Business development<\/strong>: <br \/>Product development, Brand positioning, Distribution<\/li>\n<li><strong>CFO role<\/strong>: <br \/>M&amp;A process, due diligence, Cost and Margin management, Risk<\/li>\n<\/ul>\n\t\t\t\t\t\t\t\t<\/div>\n\t\t\t\t<\/div>\n\t\t\t\t<div class=\"elementor-element elementor-element-73132bd elementor-widget elementor-widget-button\" data-id=\"73132bd\" data-element_type=\"widget\" data-e-type=\"widget\" data-widget_type=\"button.default\">\n\t\t\t\t<div class=\"elementor-widget-container\">\n\t\t\t\t\t\t\t\t\t<div class=\"elementor-button-wrapper\">\n\t\t\t\t\t<a class=\"elementor-button elementor-button-link elementor-size-sm\" href=\"https:\/\/dev.h-tag.ch\/kontakt\/\">\n\t\t\t\t\t\t<span class=\"elementor-button-content-wrapper\">\n\t\t\t\t\t\t\t\t\t<span class=\"elementor-button-text\">Contact us<\/span>\n\t\t\t\t\t<\/span>\n\t\t\t\t\t<\/a>\n\t\t\t\t<\/div>\n\t\t\t\t\t\t\t\t<\/div>\n\t\t\t\t<\/div>\n\t\t\t\t<\/div>\n\t\t<div class=\"elementor-element elementor-element-6fafecd7 e-con-full e-flex e-con e-child\" data-id=\"6fafecd7\" data-element_type=\"container\" data-e-type=\"container\" data-settings=\"{&quot;background_background&quot;:&quot;classic&quot;}\">\n\t\t\t\t<\/div>\n\t\t\t\t<\/div>\n\t\t<div class=\"elementor-element elementor-element-216b32fe e-con-full e-flex e-con e-parent\" data-id=\"216b32fe\" data-element_type=\"container\" data-e-type=\"container\" data-settings=\"{&quot;background_background&quot;:&quot;classic&quot;}\">\n\t\t\t\t<div class=\"elementor-element elementor-element-42e4c49a elementor-widget elementor-widget-heading\" data-id=\"42e4c49a\" data-element_type=\"widget\" data-e-type=\"widget\" data-widget_type=\"heading.default\">\n\t\t\t\t<div class=\"elementor-widget-container\">\n\t\t\t\t\t<h4 class=\"elementor-heading-title elementor-size-default\">Some of our clients:<\/h4>\t\t\t\t<\/div>\n\t\t\t\t<\/div>\n\t\t\t\t<div class=\"elementor-element elementor-element-4b47a263 elementor-widget elementor-widget-image-carousel\" data-id=\"4b47a263\" data-element_type=\"widget\" data-e-type=\"widget\" data-settings=\"{&quot;slides_to_show&quot;:&quot;7&quot;,&quot;slides_to_show_tablet&quot;:&quot;3&quot;,&quot;slides_to_show_mobile&quot;:&quot;2&quot;,&quot;navigation&quot;:&quot;none&quot;,&quot;image_spacing_custom&quot;:{&quot;unit&quot;:&quot;px&quot;,&quot;size&quot;:64,&quot;sizes&quot;:[]},&quot;autoplay&quot;:&quot;yes&quot;,&quot;pause_on_hover&quot;:&quot;yes&quot;,&quot;pause_on_interaction&quot;:&quot;yes&quot;,&quot;autoplay_speed&quot;:5000,&quot;infinite&quot;:&quot;yes&quot;,&quot;speed&quot;:500,&quot;image_spacing_custom_tablet&quot;:{&quot;unit&quot;:&quot;px&quot;,&quot;size&quot;:&quot;&quot;,&quot;sizes&quot;:[]},&quot;image_spacing_custom_mobile&quot;:{&quot;unit&quot;:&quot;px&quot;,&quot;size&quot;:&quot;&quot;,&quot;sizes&quot;:[]}}\" data-widget_type=\"image-carousel.default\">\n\t\t\t\t<div class=\"elementor-widget-container\">\n\t\t\t\t\t\t\t<div class=\"elementor-image-carousel-wrapper swiper\" role=\"region\" aria-roledescription=\"carousel\" aria-label=\"Image Carousel\" dir=\"ltr\">\n\t\t\t<div class=\"elementor-image-carousel swiper-wrapper\" aria-live=\"off\">\n\t\t\t\t\t\t\t\t<div class=\"swiper-slide\" role=\"group\" aria-roledescription=\"slide\" aria-label=\"1 of 8\"><figure class=\"swiper-slide-inner\"><img decoding=\"async\" class=\"swiper-slide-image\" src=\"https:\/\/www.h-tag.ch\/wp-content\/uploads\/2023\/09\/expo02.png\" alt=\"Expo.02\" \/><\/figure><\/div><div class=\"swiper-slide\" role=\"group\" aria-roledescription=\"slide\" aria-label=\"2 of 8\"><figure class=\"swiper-slide-inner\"><img decoding=\"async\" class=\"swiper-slide-image\" src=\"https:\/\/www.h-tag.ch\/wp-content\/uploads\/2023\/09\/visilab.png\" alt=\"Visilab\" \/><\/figure><\/div><div class=\"swiper-slide\" role=\"group\" aria-roledescription=\"slide\" aria-label=\"3 of 8\"><figure class=\"swiper-slide-inner\"><img decoding=\"async\" class=\"swiper-slide-image\" src=\"https:\/\/www.h-tag.ch\/wp-content\/uploads\/2023\/09\/3plus.png\" alt=\"3plus\" \/><\/figure><\/div><div class=\"swiper-slide\" role=\"group\" aria-roledescription=\"slide\" aria-label=\"4 of 8\"><figure class=\"swiper-slide-inner\"><img decoding=\"async\" class=\"swiper-slide-image\" src=\"https:\/\/www.h-tag.ch\/wp-content\/uploads\/2023\/09\/Bundeslogo-schwarzweiss-negativ-mit-Filet-1.png\" alt=\"Bundesamt f\u00fcr Verkehr\" \/><\/figure><\/div><div class=\"swiper-slide\" role=\"group\" aria-roledescription=\"slide\" aria-label=\"5 of 8\"><figure class=\"swiper-slide-inner\"><img decoding=\"async\" class=\"swiper-slide-image\" src=\"https:\/\/www.h-tag.ch\/wp-content\/uploads\/2023\/09\/swatchgroup2.png\" alt=\"Swatch Group\" \/><\/figure><\/div><div class=\"swiper-slide\" role=\"group\" aria-roledescription=\"slide\" aria-label=\"6 of 8\"><figure class=\"swiper-slide-inner\"><img decoding=\"async\" class=\"swiper-slide-image\" src=\"https:\/\/www.h-tag.ch\/wp-content\/uploads\/2023\/09\/Monster.com_bw.png\" alt=\"Monster\" \/><\/figure><\/div><div class=\"swiper-slide\" role=\"group\" aria-roledescription=\"slide\" aria-label=\"7 of 8\"><figure class=\"swiper-slide-inner\"><img decoding=\"async\" class=\"swiper-slide-image\" src=\"https:\/\/www.h-tag.ch\/wp-content\/uploads\/2023\/09\/logo_horizontal_.png\" alt=\"Rayneer\" \/><\/figure><\/div><div class=\"swiper-slide\" role=\"group\" aria-roledescription=\"slide\" aria-label=\"8 of 8\"><figure class=\"swiper-slide-inner\"><img decoding=\"async\" class=\"swiper-slide-image\" src=\"https:\/\/www.h-tag.ch\/wp-content\/uploads\/2023\/09\/logo-5-white@1x-e1695985178930.png\" alt=\"Ehminem\" \/><\/figure><\/div>\t\t\t<\/div>\n\t\t\t\t\t\t\t\n\t\t\t\t\t\t\t\t\t<\/div>\n\t\t\t\t\t\t<\/div>\n\t\t\t\t<\/div>\n\t\t\t\t<\/div>\n\t\t\t\t<\/div>\n\t\t","protected":false},"excerpt":{"rendered":"<p>Welcome to H\u00e4usermann Taskmanagement H\u00e4usermann Taskmanagement AG was established in July 2003 to offer optimal short-term support to companies and corporations which find themselves in challenging situations where resources are critical. If necessary, this support may go on longer-term. Corporate Governance: Interim management and appointments to Boards of Directors Project management:change management, feasibility studies Business [&hellip;]<\/p>\n","protected":false},"author":1,"featured_media":0,"parent":0,"menu_order":0,"comment_status":"closed","ping_status":"closed","template":"elementor_header_footer","meta":{"footnotes":""},"class_list":["post-558","page","type-page","status-publish","hentry"],"yoast_head":"<!-- This site is optimized with the Yoast SEO plugin v27.3 - https:\/\/yoast.com\/product\/yoast-seo-wordpress\/ -->\n<title>H\u00e4usermann Taskmanagement - H\u00e4usermann Taskmanagement AG<\/title>\n<meta name=\"robots\" content=\"index, follow, max-snippet:-1, max-image-preview:large, max-video-preview:-1\" \/>\n<link rel=\"canonical\" href=\"https:\/\/www.h-tag.ch\/en\/\" \/>\n<meta property=\"og:locale\" content=\"en_US\" \/>\n<meta property=\"og:type\" content=\"article\" \/>\n<meta property=\"og:title\" content=\"H\u00e4usermann Taskmanagement - H\u00e4usermann Taskmanagement AG\" \/>\n<meta property=\"og:description\" content=\"Welcome to H\u00e4usermann Taskmanagement H\u00e4usermann Taskmanagement AG was established in July 2003 to offer optimal short-term support to companies and corporations which find themselves in challenging situations where resources are critical. If necessary, this support may go on longer-term. Corporate Governance: Interim management and appointments to Boards of Directors Project management:change management, feasibility studies Business [&hellip;]\" \/>\n<meta property=\"og:url\" content=\"https:\/\/www.h-tag.ch\/en\/\" \/>\n<meta property=\"og:site_name\" content=\"H\u00e4usermann Taskmanagement AG\" \/>\n<meta property=\"article:modified_time\" content=\"2023-09-29T11:03:17+00:00\" \/>\n<meta property=\"og:image\" content=\"https:\/\/www.h-tag.ch\/wp-content\/uploads\/2023\/09\/expo02.png\" \/>\n<meta name=\"twitter:card\" content=\"summary_large_image\" \/>\n<script type=\"application\/ld+json\" class=\"yoast-schema-graph\">{\"@context\":\"https:\\\/\\\/schema.org\",\"@graph\":[{\"@type\":\"WebPage\",\"@id\":\"https:\\\/\\\/www.h-tag.ch\\\/en\\\/\",\"url\":\"https:\\\/\\\/www.h-tag.ch\\\/en\\\/\",\"name\":\"H\u00e4usermann Taskmanagement - H\u00e4usermann Taskmanagement AG\",\"isPartOf\":{\"@id\":\"https:\\\/\\\/www.h-tag.ch\\\/en\\\/#website\"},\"primaryImageOfPage\":{\"@id\":\"https:\\\/\\\/www.h-tag.ch\\\/en\\\/#primaryimage\"},\"image\":{\"@id\":\"https:\\\/\\\/www.h-tag.ch\\\/en\\\/#primaryimage\"},\"thumbnailUrl\":\"https:\\\/\\\/www.h-tag.ch\\\/wp-content\\\/uploads\\\/2023\\\/09\\\/expo02.png\",\"datePublished\":\"2023-09-20T14:28:35+00:00\",\"dateModified\":\"2023-09-29T11:03:17+00:00\",\"breadcrumb\":{\"@id\":\"https:\\\/\\\/www.h-tag.ch\\\/en\\\/#breadcrumb\"},\"inLanguage\":\"en-US\",\"potentialAction\":[{\"@type\":\"ReadAction\",\"target\":[\"https:\\\/\\\/www.h-tag.ch\\\/en\\\/\"]}]},{\"@type\":\"ImageObject\",\"inLanguage\":\"en-US\",\"@id\":\"https:\\\/\\\/www.h-tag.ch\\\/en\\\/#primaryimage\",\"url\":\"https:\\\/\\\/www.h-tag.ch\\\/wp-content\\\/uploads\\\/2023\\\/09\\\/expo02.png\",\"contentUrl\":\"https:\\\/\\\/www.h-tag.ch\\\/wp-content\\\/uploads\\\/2023\\\/09\\\/expo02.png\"},{\"@type\":\"BreadcrumbList\",\"@id\":\"https:\\\/\\\/www.h-tag.ch\\\/en\\\/#breadcrumb\",\"itemListElement\":[{\"@type\":\"ListItem\",\"position\":1,\"name\":\"Startseite\",\"item\":\"https:\\\/\\\/www.h-tag.ch\\\/en\\\/haeusermann-taskmanagement\\\/\"},{\"@type\":\"ListItem\",\"position\":2,\"name\":\"H\u00e4usermann Taskmanagement\"}]},{\"@type\":\"WebSite\",\"@id\":\"https:\\\/\\\/www.h-tag.ch\\\/en\\\/#website\",\"url\":\"https:\\\/\\\/www.h-tag.ch\\\/en\\\/\",\"name\":\"H\u00e4usermann Taskmanagement AG\",\"description\":\"\",\"publisher\":{\"@id\":\"https:\\\/\\\/www.h-tag.ch\\\/en\\\/#organization\"},\"potentialAction\":[{\"@type\":\"SearchAction\",\"target\":{\"@type\":\"EntryPoint\",\"urlTemplate\":\"https:\\\/\\\/www.h-tag.ch\\\/en\\\/?s={search_term_string}\"},\"query-input\":{\"@type\":\"PropertyValueSpecification\",\"valueRequired\":true,\"valueName\":\"search_term_string\"}}],\"inLanguage\":\"en-US\"},{\"@type\":\"Organization\",\"@id\":\"https:\\\/\\\/www.h-tag.ch\\\/en\\\/#organization\",\"name\":\"H\u00e4usermann Taskmanagement AG\",\"url\":\"https:\\\/\\\/www.h-tag.ch\\\/en\\\/\",\"logo\":{\"@type\":\"ImageObject\",\"inLanguage\":\"en-US\",\"@id\":\"https:\\\/\\\/www.h-tag.ch\\\/en\\\/#\\\/schema\\\/logo\\\/image\\\/\",\"url\":\"https:\\\/\\\/www.h-tag.ch\\\/wp-content\\\/uploads\\\/2023\\\/09\\\/htag-logo.png\",\"contentUrl\":\"https:\\\/\\\/www.h-tag.ch\\\/wp-content\\\/uploads\\\/2023\\\/09\\\/htag-logo.png\",\"width\":1836,\"height\":502,\"caption\":\"H\u00e4usermann Taskmanagement AG\"},\"image\":{\"@id\":\"https:\\\/\\\/www.h-tag.ch\\\/en\\\/#\\\/schema\\\/logo\\\/image\\\/\"}}]}<\/script>\n<!-- \/ Yoast SEO plugin. -->","yoast_head_json":{"title":"H\u00e4usermann Taskmanagement - H\u00e4usermann Taskmanagement AG","robots":{"index":"index","follow":"follow","max-snippet":"max-snippet:-1","max-image-preview":"max-image-preview:large","max-video-preview":"max-video-preview:-1"},"canonical":"https:\/\/www.h-tag.ch\/en\/","og_locale":"en_US","og_type":"article","og_title":"H\u00e4usermann Taskmanagement - H\u00e4usermann Taskmanagement AG","og_description":"Welcome to H\u00e4usermann Taskmanagement H\u00e4usermann Taskmanagement AG was established in July 2003 to offer optimal short-term support to companies and corporations which find themselves in challenging situations where resources are critical. If necessary, this support may go on longer-term. Corporate Governance: Interim management and appointments to Boards of Directors Project management:change management, feasibility studies Business [&hellip;]","og_url":"https:\/\/www.h-tag.ch\/en\/","og_site_name":"H\u00e4usermann Taskmanagement AG","article_modified_time":"2023-09-29T11:03:17+00:00","og_image":[{"url":"https:\/\/www.h-tag.ch\/wp-content\/uploads\/2023\/09\/expo02.png","type":"","width":"","height":""}],"twitter_card":"summary_large_image","schema":{"@context":"https:\/\/schema.org","@graph":[{"@type":"WebPage","@id":"https:\/\/www.h-tag.ch\/en\/","url":"https:\/\/www.h-tag.ch\/en\/","name":"H\u00e4usermann Taskmanagement - H\u00e4usermann Taskmanagement AG","isPartOf":{"@id":"https:\/\/www.h-tag.ch\/en\/#website"},"primaryImageOfPage":{"@id":"https:\/\/www.h-tag.ch\/en\/#primaryimage"},"image":{"@id":"https:\/\/www.h-tag.ch\/en\/#primaryimage"},"thumbnailUrl":"https:\/\/www.h-tag.ch\/wp-content\/uploads\/2023\/09\/expo02.png","datePublished":"2023-09-20T14:28:35+00:00","dateModified":"2023-09-29T11:03:17+00:00","breadcrumb":{"@id":"https:\/\/www.h-tag.ch\/en\/#breadcrumb"},"inLanguage":"en-US","potentialAction":[{"@type":"ReadAction","target":["https:\/\/www.h-tag.ch\/en\/"]}]},{"@type":"ImageObject","inLanguage":"en-US","@id":"https:\/\/www.h-tag.ch\/en\/#primaryimage","url":"https:\/\/www.h-tag.ch\/wp-content\/uploads\/2023\/09\/expo02.png","contentUrl":"https:\/\/www.h-tag.ch\/wp-content\/uploads\/2023\/09\/expo02.png"},{"@type":"BreadcrumbList","@id":"https:\/\/www.h-tag.ch\/en\/#breadcrumb","itemListElement":[{"@type":"ListItem","position":1,"name":"Startseite","item":"https:\/\/www.h-tag.ch\/en\/haeusermann-taskmanagement\/"},{"@type":"ListItem","position":2,"name":"H\u00e4usermann Taskmanagement"}]},{"@type":"WebSite","@id":"https:\/\/www.h-tag.ch\/en\/#website","url":"https:\/\/www.h-tag.ch\/en\/","name":"H\u00e4usermann Taskmanagement AG","description":"","publisher":{"@id":"https:\/\/www.h-tag.ch\/en\/#organization"},"potentialAction":[{"@type":"SearchAction","target":{"@type":"EntryPoint","urlTemplate":"https:\/\/www.h-tag.ch\/en\/?s={search_term_string}"},"query-input":{"@type":"PropertyValueSpecification","valueRequired":true,"valueName":"search_term_string"}}],"inLanguage":"en-US"},{"@type":"Organization","@id":"https:\/\/www.h-tag.ch\/en\/#organization","name":"H\u00e4usermann Taskmanagement AG","url":"https:\/\/www.h-tag.ch\/en\/","logo":{"@type":"ImageObject","inLanguage":"en-US","@id":"https:\/\/www.h-tag.ch\/en\/#\/schema\/logo\/image\/","url":"https:\/\/www.h-tag.ch\/wp-content\/uploads\/2023\/09\/htag-logo.png","contentUrl":"https:\/\/www.h-tag.ch\/wp-content\/uploads\/2023\/09\/htag-logo.png","width":1836,"height":502,"caption":"H\u00e4usermann Taskmanagement AG"},"image":{"@id":"https:\/\/www.h-tag.ch\/en\/#\/schema\/logo\/image\/"}}]}},"_links":{"self":[{"href":"https:\/\/www.h-tag.ch\/en\/wp-json\/wp\/v2\/pages\/558","targetHints":{"allow":["GET"]}}],"collection":[{"href":"https:\/\/www.h-tag.ch\/en\/wp-json\/wp\/v2\/pages"}],"about":[{"href":"https:\/\/www.h-tag.ch\/en\/wp-json\/wp\/v2\/types\/page"}],"author":[{"embeddable":true,"href":"https:\/\/www.h-tag.ch\/en\/wp-json\/wp\/v2\/users\/1"}],"replies":[{"embeddable":true,"href":"https:\/\/www.h-tag.ch\/en\/wp-json\/wp\/v2\/comments?post=558"}],"version-history":[{"count":15,"href":"https:\/\/www.h-tag.ch\/en\/wp-json\/wp\/v2\/pages\/558\/revisions"}],"predecessor-version":[{"id":741,"href":"https:\/\/www.h-tag.ch\/en\/wp-json\/wp\/v2\/pages\/558\/revisions\/741"}],"wp:attachment":[{"href":"https:\/\/www.h-tag.ch\/en\/wp-json\/wp\/v2\/media?parent=558"}],"curies":[{"name":"wp","href":"https:\/\/api.w.org\/{rel}","templated":true}]}}