{"id":622,"date":"2023-09-20T16:28:33","date_gmt":"2023-09-20T14:28:33","guid":{"rendered":"https:\/\/dev.h-tag.ch\/a-notre-propos\/"},"modified":"2023-10-04T13:07:16","modified_gmt":"2023-10-04T11:07:16","slug":"a-notre-propos","status":"publish","type":"page","link":"https:\/\/www.h-tag.ch\/fr\/a-notre-propos\/","title":{"rendered":"A notre propos"},"content":{"rendered":"\t\t<div data-elementor-type=\"wp-page\" data-elementor-id=\"622\" class=\"elementor elementor-622 elementor-47\" data-elementor-post-type=\"page\">\n\t\t\t\t<div class=\"elementor-element elementor-element-4eb29d9c e-con-full e-flex e-con e-parent\" data-id=\"4eb29d9c\" data-element_type=\"container\" data-e-type=\"container\">\n\t\t\t\t<div class=\"elementor-element elementor-element-2f3f8cc3 elementor-widget elementor-widget-heading\" data-id=\"2f3f8cc3\" data-element_type=\"widget\" data-e-type=\"widget\" data-widget_type=\"heading.default\">\n\t\t\t\t<div class=\"elementor-widget-container\">\n\t\t\t\t\t<h1 class=\"elementor-heading-title elementor-size-default\">A notre propos<\/h1>\t\t\t\t<\/div>\n\t\t\t\t<\/div>\n\t\t\t\t<\/div>\n\t\t<div class=\"elementor-element elementor-element-53276724 e-con-full e-flex e-con e-parent\" data-id=\"53276724\" data-element_type=\"container\" data-e-type=\"container\">\n\t\t<div class=\"elementor-element elementor-element-1944f3c8 e-con-full e-flex e-con e-child\" data-id=\"1944f3c8\" data-element_type=\"container\" data-e-type=\"container\" data-settings=\"{&quot;background_background&quot;:&quot;classic&quot;}\">\n\t\t\t\t<\/div>\n\t\t<div class=\"elementor-element elementor-element-6c47a29b e-con-full e-flex e-con e-child\" data-id=\"6c47a29b\" data-element_type=\"container\" data-e-type=\"container\">\n\t\t\t\t<div class=\"elementor-element elementor-element-7fa61539 elementor-widget elementor-widget-heading\" data-id=\"7fa61539\" data-element_type=\"widget\" data-e-type=\"widget\" data-widget_type=\"heading.default\">\n\t\t\t\t<div class=\"elementor-widget-container\">\n\t\t\t\t\t<h2 class=\"elementor-heading-title elementor-size-default\">Notre exp\u00e9rience - votre valeur ajout\u00e9e<\/h2>\t\t\t\t<\/div>\n\t\t\t\t<\/div>\n\t\t\t\t<div class=\"elementor-element elementor-element-29c03d1f elementor-widget elementor-widget-text-editor\" data-id=\"29c03d1f\" data-element_type=\"widget\" data-e-type=\"widget\" data-widget_type=\"text-editor.default\">\n\t\t\t\t<div class=\"elementor-widget-container\">\n\t\t\t\t\t\t\t\t\t<p><b>Walter H\u00e4usermann<\/b>, N\u00e9 en 1965<br \/>MSc in Finance and Accounting (London Scool of Economics), lic. en sciences humaines (histoire)<\/p>\n<p>Longue exp\u00e9rience de Head of Financial Controlling, VP of Finance and Operations et Senior Consultant, CFO and CEO au sein d&rsquo;entreprises nationales et multinationales telles que le Credit Suisse, The Swatch Group, Hayek Engineering, et en qualit\u00e9 de directeur des finances de l&rsquo;Exposition nationale suisse Expo.02, Biopartners, FJD Fine Joiailleries Distribution, 3plus.tv<\/p>\n<p>Contact ais\u00e9 avec les personnalit\u00e9s de la sph\u00e8re publique ; bonne connaissance des diff\u00e9rentes cultures europ\u00e9ennes, de l&rsquo;Asie de l&rsquo;Est (Chine, Japon, Cor\u00e9e) et l\u2019Am\u00e9riques du nord. Exp\u00e9rience approfondie des structures g\u00e9r\u00e9es par des propri\u00e9taires et des constellations familiales<\/p>\n<p>Habile n\u00e9gociateur en allemand, anglais et fran\u00e7ais ; compr\u00e9hension de l&rsquo;espagnol.<\/p>\n\t\t\t\t\t\t\t\t<\/div>\n\t\t\t\t<\/div>\n\t\t\t\t<\/div>\n\t\t\t\t<\/div>\n\t\t<div class=\"elementor-element elementor-element-abf275e e-con-full e-flex e-con e-parent\" data-id=\"abf275e\" data-element_type=\"container\" data-e-type=\"container\">\n\t\t<div class=\"elementor-element elementor-element-cce4042 e-con-full e-flex e-con e-child\" data-id=\"cce4042\" data-element_type=\"container\" data-e-type=\"container\" data-settings=\"{&quot;background_background&quot;:&quot;classic&quot;}\">\n\t\t\t\t<\/div>\n\t\t<div class=\"elementor-element elementor-element-5a769a7 e-con-full e-flex e-con e-child\" data-id=\"5a769a7\" data-element_type=\"container\" data-e-type=\"container\">\n\t\t\t\t<div class=\"elementor-element elementor-element-6373b56 elementor-widget elementor-widget-text-editor\" data-id=\"6373b56\" data-element_type=\"widget\" data-e-type=\"widget\" data-widget_type=\"text-editor.default\">\n\t\t\t\t<div class=\"elementor-widget-container\">\n\t\t\t\t\t\t\t\t\t<p><strong>Oliver Flueckiger<\/strong>, N\u00e9 en 1985<br \/>Master of Arts in Business Administration UZH<\/p>\n<p>Fondateur, CEO et consultant senior \u00e0 Berlin et Zurich, sp\u00e9cialis\u00e9 dans les mod\u00e8les commerciaux num\u00e9riques. Exp\u00e9rience \u00e9tendue dans les domaines de l&rsquo;entrepreneuriat, du lean startup, de la technologie, des plateformes num\u00e9riques, du marketing strat\u00e9gique en ligne et de la gestion de l&rsquo;innovation. En tant que professeur d&rsquo;universit\u00e9, il enseigne l&rsquo;entrepreneuriat et le management de l&rsquo;innovation, notamment \u00e0 l&rsquo;universit\u00e9 de Zurich et \u00e0 l&rsquo;universit\u00e9 Robert Gordon d&rsquo;Aberdeen.<\/p>\n<p>Capable de n\u00e9gocier en allemand et en anglais ; compr\u00e9hension possible en fran\u00e7ais, en italien et en russe.<\/p>\n\t\t\t\t\t\t\t\t<\/div>\n\t\t\t\t<\/div>\n\t\t\t\t<\/div>\n\t\t\t\t<\/div>\n\t\t<div class=\"elementor-element elementor-element-558eb395 e-con-full e-flex e-con e-parent\" data-id=\"558eb395\" data-element_type=\"container\" data-e-type=\"container\">\n\t\t\t\t<div class=\"elementor-element elementor-element-7a2885ae elementor-widget elementor-widget-heading\" data-id=\"7a2885ae\" data-element_type=\"widget\" data-e-type=\"widget\" data-widget_type=\"heading.default\">\n\t\t\t\t<div class=\"elementor-widget-container\">\n\t\t\t\t\t<h2 class=\"elementor-heading-title elementor-size-default\">Ethique<\/h2>\t\t\t\t<\/div>\n\t\t\t\t<\/div>\n\t\t<div class=\"elementor-element elementor-element-156b9ac3 e-con-full e-flex e-con e-child\" data-id=\"156b9ac3\" data-element_type=\"container\" data-e-type=\"container\">\n\t\t<div class=\"elementor-element elementor-element-84abf9c e-con-full e-flex e-con e-child\" data-id=\"84abf9c\" data-element_type=\"container\" data-e-type=\"container\">\n\t\t\t\t<div class=\"elementor-element elementor-element-4d715486 elementor-widget-divider--view-line elementor-widget elementor-widget-divider\" data-id=\"4d715486\" data-element_type=\"widget\" data-e-type=\"widget\" data-widget_type=\"divider.default\">\n\t\t\t\t<div class=\"elementor-widget-container\">\n\t\t\t\t\t\t\t<div class=\"elementor-divider\">\n\t\t\t<span class=\"elementor-divider-separator\">\n\t\t\t\t\t\t<\/span>\n\t\t<\/div>\n\t\t\t\t\t\t<\/div>\n\t\t\t\t<\/div>\n\t\t\t\t<div class=\"elementor-element elementor-element-7420f68f elementor-widget elementor-widget-heading\" data-id=\"7420f68f\" data-element_type=\"widget\" data-e-type=\"widget\" data-widget_type=\"heading.default\">\n\t\t\t\t<div class=\"elementor-widget-container\">\n\t\t\t\t\t<h2 class=\"elementor-heading-title elementor-size-default\">Comp\u00e9tences professionnelles<\/h2>\t\t\t\t<\/div>\n\t\t\t\t<\/div>\n\t\t\t\t<div class=\"elementor-element elementor-element-3583cea5 elementor-widget elementor-widget-text-editor\" data-id=\"3583cea5\" data-element_type=\"widget\" data-e-type=\"widget\" data-widget_type=\"text-editor.default\">\n\t\t\t\t<div class=\"elementor-widget-container\">\n\t\t\t\t\t\t\t\t\t<p>H\u00e4usermann Taskmanagement SA accepte uniquement les mandats pour lesquels nous pouvons mettre \u00e0 disposition les capacit\u00e9s, les exp\u00e9riences et les collaborateurs n\u00e9cessaires. Nous recherchons les solutions qui r\u00e9pondent au mieux aux exigences des derniers d\u00e9veloppements scientifiques et de la branche ainsi qu&rsquo;aux besoins de nos clients. Nous mettons tout en \u0153uvre pour perfectionner en permanence nos connaissances, nos capacit\u00e9s et nos techniques et faisons b\u00e9n\u00e9ficier nos clients de nos acquis sans restriction aucune.<\/p>\n\t\t\t\t\t\t\t\t<\/div>\n\t\t\t\t<\/div>\n\t\t\t\t<\/div>\n\t\t<div class=\"elementor-element elementor-element-2a156dcd e-con-full e-flex e-con e-child\" data-id=\"2a156dcd\" data-element_type=\"container\" data-e-type=\"container\">\n\t\t\t\t<div class=\"elementor-element elementor-element-4cc4c6d5 elementor-widget-divider--view-line elementor-widget elementor-widget-divider\" data-id=\"4cc4c6d5\" data-element_type=\"widget\" data-e-type=\"widget\" data-widget_type=\"divider.default\">\n\t\t\t\t<div class=\"elementor-widget-container\">\n\t\t\t\t\t\t\t<div class=\"elementor-divider\">\n\t\t\t<span class=\"elementor-divider-separator\">\n\t\t\t\t\t\t<\/span>\n\t\t<\/div>\n\t\t\t\t\t\t<\/div>\n\t\t\t\t<\/div>\n\t\t\t\t<div class=\"elementor-element elementor-element-6c74bd6 elementor-widget elementor-widget-heading\" data-id=\"6c74bd6\" data-element_type=\"widget\" data-e-type=\"widget\" data-widget_type=\"heading.default\">\n\t\t\t\t<div class=\"elementor-widget-container\">\n\t\t\t\t\t<h2 class=\"elementor-heading-title elementor-size-default\">S\u00e9rieux et efficacit\u00e9<\/h2>\t\t\t\t<\/div>\n\t\t\t\t<\/div>\n\t\t\t\t<div class=\"elementor-element elementor-element-1e913bd4 elementor-widget elementor-widget-text-editor\" data-id=\"1e913bd4\" data-element_type=\"widget\" data-e-type=\"widget\" data-widget_type=\"text-editor.default\">\n\t\t\t\t<div class=\"elementor-widget-container\">\n\t\t\t\t\t\t\t\t\t<p>Nous recommandons nos services uniquement lorsque nous sommes convaincus qu&rsquo;ils apporteront une plus-value au client. Nous fournissons des estimations r\u00e9alistes des prestations, des d\u00e9lais et des co\u00fbts et nous effor\u00e7ons de les tenir. Nous exer\u00e7ons non seulement des activit\u00e9s de conseil et d&rsquo;expertise ou \u00e9laborons des recommandations mais participons aussi \u00e0 la r\u00e9alisation des propositions. Nous collaborons avec le client jusqu&rsquo;\u00e0 ce que ce dernier puisse poursuivre sa t\u00e2che sans notre soutien. Nous sommes conscients que, tout comme la solution objective, les relations humaines sont de grande importance. C&rsquo;est pourquoi nous veillons \u00e0 une collaboration harmonieuse avec le mandant et ses collaborateurs.<\/p>\n\t\t\t\t\t\t\t\t<\/div>\n\t\t\t\t<\/div>\n\t\t\t\t<\/div>\n\t\t<div class=\"elementor-element elementor-element-622859e3 e-con-full e-flex e-con e-child\" data-id=\"622859e3\" data-element_type=\"container\" data-e-type=\"container\">\n\t\t\t\t<div class=\"elementor-element elementor-element-78e6c8be elementor-widget-divider--view-line elementor-widget elementor-widget-divider\" data-id=\"78e6c8be\" data-element_type=\"widget\" data-e-type=\"widget\" data-widget_type=\"divider.default\">\n\t\t\t\t<div class=\"elementor-widget-container\">\n\t\t\t\t\t\t\t<div class=\"elementor-divider\">\n\t\t\t<span class=\"elementor-divider-separator\">\n\t\t\t\t\t\t<\/span>\n\t\t<\/div>\n\t\t\t\t\t\t<\/div>\n\t\t\t\t<\/div>\n\t\t\t\t<div class=\"elementor-element elementor-element-2aab77a9 elementor-widget elementor-widget-heading\" data-id=\"2aab77a9\" data-element_type=\"widget\" data-e-type=\"widget\" data-widget_type=\"heading.default\">\n\t\t\t\t<div class=\"elementor-widget-container\">\n\t\t\t\t\t<h2 class=\"elementor-heading-title elementor-size-default\">Objectivit\u00e9, ind\u00e9pendance et responsabilit\u00e9 personnelle<\/h2>\t\t\t\t<\/div>\n\t\t\t\t<\/div>\n\t\t\t\t<div class=\"elementor-element elementor-element-ee0006c elementor-widget elementor-widget-text-editor\" data-id=\"ee0006c\" data-element_type=\"widget\" data-e-type=\"widget\" data-widget_type=\"text-editor.default\">\n\t\t\t\t<div class=\"elementor-widget-container\">\n\t\t\t\t\t\t\t\t\t<p>Nous exer\u00e7ons notre activit\u00e9 sous notre responsabilit\u00e9 individuelle. Dans l&rsquo;exercice de notre fonction, nous ne tol\u00e9rons aucune restriction de notre ind\u00e9pendance par des tiers. Nous offrons un conseil impartial et objectif et n\u2019h\u00e9sitons pas \u00e0 exprimer ouvertement aussi les questions d\u00e9sagr\u00e9ables. Nous n&rsquo;\u00e9tablissons pas d\u2019expertises de complaisance et sommes neutres dans le choix de prestataires tiers. L&rsquo;int\u00e9grit\u00e9 personnelle est garantie.<\/p>\n\t\t\t\t\t\t\t\t<\/div>\n\t\t\t\t<\/div>\n\t\t\t\t<\/div>\n\t\t<div class=\"elementor-element elementor-element-347c3efe e-con-full e-flex e-con e-child\" data-id=\"347c3efe\" data-element_type=\"container\" data-e-type=\"container\">\n\t\t\t\t<div class=\"elementor-element elementor-element-7b3fe81a elementor-widget-divider--view-line elementor-widget elementor-widget-divider\" data-id=\"7b3fe81a\" data-element_type=\"widget\" data-e-type=\"widget\" data-widget_type=\"divider.default\">\n\t\t\t\t<div class=\"elementor-widget-container\">\n\t\t\t\t\t\t\t<div class=\"elementor-divider\">\n\t\t\t<span class=\"elementor-divider-separator\">\n\t\t\t\t\t\t<\/span>\n\t\t<\/div>\n\t\t\t\t\t\t<\/div>\n\t\t\t\t<\/div>\n\t\t\t\t<div class=\"elementor-element elementor-element-670a0fae elementor-widget elementor-widget-heading\" data-id=\"670a0fae\" data-element_type=\"widget\" data-e-type=\"widget\" data-widget_type=\"heading.default\">\n\t\t\t\t<div class=\"elementor-widget-container\">\n\t\t\t\t\t<h2 class=\"elementor-heading-title elementor-size-default\">Confidentialit\u00e9<\/h2>\t\t\t\t<\/div>\n\t\t\t\t<\/div>\n\t\t\t\t<div class=\"elementor-element elementor-element-5a590c6f elementor-widget elementor-widget-text-editor\" data-id=\"5a590c6f\" data-element_type=\"widget\" data-e-type=\"widget\" data-widget_type=\"text-editor.default\">\n\t\t\t\t<div class=\"elementor-widget-container\">\n\t\t\t\t\t\t\t\t\t<p>Nous traitons toutes les affaires internes et les informations des clients dans la plus stricte confidentialit\u00e9. En particulier aucun document relatif au mandat n&rsquo;est transmis \u00e0 des tiers.<\/p>\n\t\t\t\t\t\t\t\t<\/div>\n\t\t\t\t<\/div>\n\t\t\t\t<\/div>\n\t\t\t\t<\/div>\n\t\t\t\t<\/div>\n\t\t<div class=\"elementor-element elementor-element-a556697 e-con-full e-flex e-con e-parent\" data-id=\"a556697\" data-element_type=\"container\" data-e-type=\"container\" data-settings=\"{&quot;background_background&quot;:&quot;classic&quot;}\">\n\t\t<div class=\"elementor-element elementor-element-cdf65dd e-con-full e-flex e-con e-child\" data-id=\"cdf65dd\" data-element_type=\"container\" data-e-type=\"container\">\n\t\t\t\t<div class=\"elementor-element elementor-element-5ed7846 elementor-widget elementor-widget-heading\" data-id=\"5ed7846\" data-element_type=\"widget\" data-e-type=\"widget\" data-widget_type=\"heading.default\">\n\t\t\t\t<div class=\"elementor-widget-container\">\n\t\t\t\t\t<h2 class=\"elementor-heading-title elementor-size-default\">H\u00e4usermann Task Management SA<br>Votre partenaire pour des solutions de ressources \u00e0 court terme dans des situations exigeantes<\/h2>\t\t\t\t<\/div>\n\t\t\t\t<\/div>\n\t\t\t\t<\/div>\n\t\t<div class=\"elementor-element elementor-element-845b762 e-con-full e-flex e-con e-child\" data-id=\"845b762\" data-element_type=\"container\" data-e-type=\"container\">\n\t\t\t\t<div class=\"elementor-element elementor-element-dfacda0 elementor-widget elementor-widget-heading\" data-id=\"dfacda0\" data-element_type=\"widget\" data-e-type=\"widget\" data-widget_type=\"heading.default\">\n\t\t\t\t<div class=\"elementor-widget-container\">\n\t\t\t\t\t<h2 class=\"elementor-heading-title elementor-size-default\">Nous nous ferons un plaisir de vous aider.<\/h2>\t\t\t\t<\/div>\n\t\t\t\t<\/div>\n\t\t\t\t<div class=\"elementor-element elementor-element-827603b elementor-widget elementor-widget-button\" data-id=\"827603b\" data-element_type=\"widget\" data-e-type=\"widget\" data-widget_type=\"button.default\">\n\t\t\t\t<div class=\"elementor-widget-container\">\n\t\t\t\t\t\t\t\t\t<div class=\"elementor-button-wrapper\">\n\t\t\t\t\t<a class=\"elementor-button elementor-button-link elementor-size-sm\" href=\"https:\/\/www.h-tag.ch\/fr\/contact\/\">\n\t\t\t\t\t\t<span class=\"elementor-button-content-wrapper\">\n\t\t\t\t\t\t\t\t\t<span class=\"elementor-button-text\">Contactez-nous<\/span>\n\t\t\t\t\t<\/span>\n\t\t\t\t\t<\/a>\n\t\t\t\t<\/div>\n\t\t\t\t\t\t\t\t<\/div>\n\t\t\t\t<\/div>\n\t\t\t\t<\/div>\n\t\t\t\t<\/div>\n\t\t\t\t<\/div>\n\t\t","protected":false},"excerpt":{"rendered":"<p>A notre propos Notre exp\u00e9rience &#8211; votre valeur ajout\u00e9e Walter H\u00e4usermann, N\u00e9 en 1965MSc in Finance and Accounting (London Scool of Economics), lic. en sciences humaines (histoire) Longue exp\u00e9rience de Head of Financial Controlling, VP of Finance and Operations et Senior Consultant, CFO and CEO au sein d&rsquo;entreprises nationales et multinationales telles que le Credit [&hellip;]<\/p>\n","protected":false},"author":1,"featured_media":0,"parent":0,"menu_order":0,"comment_status":"closed","ping_status":"closed","template":"elementor_header_footer","meta":{"footnotes":""},"class_list":["post-622","page","type-page","status-publish","hentry"],"yoast_head":"<!-- This site is optimized with the Yoast SEO plugin v27.3 - https:\/\/yoast.com\/product\/yoast-seo-wordpress\/ -->\n<title>A notre propos - H\u00e4usermann Taskmanagement AG<\/title>\n<meta name=\"robots\" content=\"index, follow, max-snippet:-1, max-image-preview:large, max-video-preview:-1\" \/>\n<link rel=\"canonical\" href=\"https:\/\/www.h-tag.ch\/fr\/a-notre-propos\/\" \/>\n<meta property=\"og:locale\" content=\"fr_FR\" \/>\n<meta property=\"og:type\" content=\"article\" \/>\n<meta property=\"og:title\" content=\"A notre propos - H\u00e4usermann Taskmanagement AG\" \/>\n<meta property=\"og:description\" content=\"A notre propos Notre exp\u00e9rience &#8211; votre valeur ajout\u00e9e Walter H\u00e4usermann, N\u00e9 en 1965MSc in Finance and Accounting (London Scool of Economics), lic. en sciences humaines (histoire) Longue exp\u00e9rience de Head of Financial Controlling, VP of Finance and Operations et Senior Consultant, CFO and CEO au sein d&rsquo;entreprises nationales et multinationales telles que le Credit [&hellip;]\" \/>\n<meta property=\"og:url\" content=\"https:\/\/www.h-tag.ch\/fr\/a-notre-propos\/\" \/>\n<meta property=\"og:site_name\" content=\"H\u00e4usermann Taskmanagement AG\" \/>\n<meta property=\"article:modified_time\" content=\"2023-10-04T11:07:16+00:00\" \/>\n<meta name=\"twitter:card\" content=\"summary_large_image\" \/>\n<meta name=\"twitter:label1\" content=\"Dur\u00e9e de lecture estim\u00e9e\" \/>\n\t<meta name=\"twitter:data1\" content=\"3 minutes\" \/>\n<script type=\"application\/ld+json\" class=\"yoast-schema-graph\">{\"@context\":\"https:\\\/\\\/schema.org\",\"@graph\":[{\"@type\":\"WebPage\",\"@id\":\"https:\\\/\\\/www.h-tag.ch\\\/fr\\\/a-notre-propos\\\/\",\"url\":\"https:\\\/\\\/www.h-tag.ch\\\/fr\\\/a-notre-propos\\\/\",\"name\":\"A notre propos - H\u00e4usermann Taskmanagement AG\",\"isPartOf\":{\"@id\":\"https:\\\/\\\/www.h-tag.ch\\\/fr\\\/#website\"},\"datePublished\":\"2023-09-20T14:28:33+00:00\",\"dateModified\":\"2023-10-04T11:07:16+00:00\",\"breadcrumb\":{\"@id\":\"https:\\\/\\\/www.h-tag.ch\\\/fr\\\/a-notre-propos\\\/#breadcrumb\"},\"inLanguage\":\"fr-FR\",\"potentialAction\":[{\"@type\":\"ReadAction\",\"target\":[\"https:\\\/\\\/www.h-tag.ch\\\/fr\\\/a-notre-propos\\\/\"]}]},{\"@type\":\"BreadcrumbList\",\"@id\":\"https:\\\/\\\/www.h-tag.ch\\\/fr\\\/a-notre-propos\\\/#breadcrumb\",\"itemListElement\":[{\"@type\":\"ListItem\",\"position\":1,\"name\":\"Startseite\",\"item\":\"https:\\\/\\\/www.h-tag.ch\\\/fr\\\/haeusermann-taskmanagement\\\/\"},{\"@type\":\"ListItem\",\"position\":2,\"name\":\"A notre propos\"}]},{\"@type\":\"WebSite\",\"@id\":\"https:\\\/\\\/www.h-tag.ch\\\/fr\\\/#website\",\"url\":\"https:\\\/\\\/www.h-tag.ch\\\/fr\\\/\",\"name\":\"H\u00e4usermann Taskmanagement AG\",\"description\":\"\",\"publisher\":{\"@id\":\"https:\\\/\\\/www.h-tag.ch\\\/fr\\\/#organization\"},\"potentialAction\":[{\"@type\":\"SearchAction\",\"target\":{\"@type\":\"EntryPoint\",\"urlTemplate\":\"https:\\\/\\\/www.h-tag.ch\\\/fr\\\/?s={search_term_string}\"},\"query-input\":{\"@type\":\"PropertyValueSpecification\",\"valueRequired\":true,\"valueName\":\"search_term_string\"}}],\"inLanguage\":\"fr-FR\"},{\"@type\":\"Organization\",\"@id\":\"https:\\\/\\\/www.h-tag.ch\\\/fr\\\/#organization\",\"name\":\"H\u00e4usermann Taskmanagement AG\",\"url\":\"https:\\\/\\\/www.h-tag.ch\\\/fr\\\/\",\"logo\":{\"@type\":\"ImageObject\",\"inLanguage\":\"fr-FR\",\"@id\":\"https:\\\/\\\/www.h-tag.ch\\\/fr\\\/#\\\/schema\\\/logo\\\/image\\\/\",\"url\":\"https:\\\/\\\/www.h-tag.ch\\\/wp-content\\\/uploads\\\/2023\\\/09\\\/htag-logo.png\",\"contentUrl\":\"https:\\\/\\\/www.h-tag.ch\\\/wp-content\\\/uploads\\\/2023\\\/09\\\/htag-logo.png\",\"width\":1836,\"height\":502,\"caption\":\"H\u00e4usermann Taskmanagement AG\"},\"image\":{\"@id\":\"https:\\\/\\\/www.h-tag.ch\\\/fr\\\/#\\\/schema\\\/logo\\\/image\\\/\"}}]}<\/script>\n<!-- \/ Yoast SEO plugin. -->","yoast_head_json":{"title":"A notre propos - H\u00e4usermann Taskmanagement AG","robots":{"index":"index","follow":"follow","max-snippet":"max-snippet:-1","max-image-preview":"max-image-preview:large","max-video-preview":"max-video-preview:-1"},"canonical":"https:\/\/www.h-tag.ch\/fr\/a-notre-propos\/","og_locale":"fr_FR","og_type":"article","og_title":"A notre propos - H\u00e4usermann Taskmanagement AG","og_description":"A notre propos Notre exp\u00e9rience &#8211; votre valeur ajout\u00e9e Walter H\u00e4usermann, N\u00e9 en 1965MSc in Finance and Accounting (London Scool of Economics), lic. en sciences humaines (histoire) Longue exp\u00e9rience de Head of Financial Controlling, VP of Finance and Operations et Senior Consultant, CFO and CEO au sein d&rsquo;entreprises nationales et multinationales telles que le Credit [&hellip;]","og_url":"https:\/\/www.h-tag.ch\/fr\/a-notre-propos\/","og_site_name":"H\u00e4usermann Taskmanagement AG","article_modified_time":"2023-10-04T11:07:16+00:00","twitter_card":"summary_large_image","twitter_misc":{"Dur\u00e9e de lecture estim\u00e9e":"3 minutes"},"schema":{"@context":"https:\/\/schema.org","@graph":[{"@type":"WebPage","@id":"https:\/\/www.h-tag.ch\/fr\/a-notre-propos\/","url":"https:\/\/www.h-tag.ch\/fr\/a-notre-propos\/","name":"A notre propos - H\u00e4usermann Taskmanagement AG","isPartOf":{"@id":"https:\/\/www.h-tag.ch\/fr\/#website"},"datePublished":"2023-09-20T14:28:33+00:00","dateModified":"2023-10-04T11:07:16+00:00","breadcrumb":{"@id":"https:\/\/www.h-tag.ch\/fr\/a-notre-propos\/#breadcrumb"},"inLanguage":"fr-FR","potentialAction":[{"@type":"ReadAction","target":["https:\/\/www.h-tag.ch\/fr\/a-notre-propos\/"]}]},{"@type":"BreadcrumbList","@id":"https:\/\/www.h-tag.ch\/fr\/a-notre-propos\/#breadcrumb","itemListElement":[{"@type":"ListItem","position":1,"name":"Startseite","item":"https:\/\/www.h-tag.ch\/fr\/haeusermann-taskmanagement\/"},{"@type":"ListItem","position":2,"name":"A notre propos"}]},{"@type":"WebSite","@id":"https:\/\/www.h-tag.ch\/fr\/#website","url":"https:\/\/www.h-tag.ch\/fr\/","name":"H\u00e4usermann Taskmanagement AG","description":"","publisher":{"@id":"https:\/\/www.h-tag.ch\/fr\/#organization"},"potentialAction":[{"@type":"SearchAction","target":{"@type":"EntryPoint","urlTemplate":"https:\/\/www.h-tag.ch\/fr\/?s={search_term_string}"},"query-input":{"@type":"PropertyValueSpecification","valueRequired":true,"valueName":"search_term_string"}}],"inLanguage":"fr-FR"},{"@type":"Organization","@id":"https:\/\/www.h-tag.ch\/fr\/#organization","name":"H\u00e4usermann Taskmanagement AG","url":"https:\/\/www.h-tag.ch\/fr\/","logo":{"@type":"ImageObject","inLanguage":"fr-FR","@id":"https:\/\/www.h-tag.ch\/fr\/#\/schema\/logo\/image\/","url":"https:\/\/www.h-tag.ch\/wp-content\/uploads\/2023\/09\/htag-logo.png","contentUrl":"https:\/\/www.h-tag.ch\/wp-content\/uploads\/2023\/09\/htag-logo.png","width":1836,"height":502,"caption":"H\u00e4usermann Taskmanagement AG"},"image":{"@id":"https:\/\/www.h-tag.ch\/fr\/#\/schema\/logo\/image\/"}}]}},"_links":{"self":[{"href":"https:\/\/www.h-tag.ch\/fr\/wp-json\/wp\/v2\/pages\/622","targetHints":{"allow":["GET"]}}],"collection":[{"href":"https:\/\/www.h-tag.ch\/fr\/wp-json\/wp\/v2\/pages"}],"about":[{"href":"https:\/\/www.h-tag.ch\/fr\/wp-json\/wp\/v2\/types\/page"}],"author":[{"embeddable":true,"href":"https:\/\/www.h-tag.ch\/fr\/wp-json\/wp\/v2\/users\/1"}],"replies":[{"embeddable":true,"href":"https:\/\/www.h-tag.ch\/fr\/wp-json\/wp\/v2\/comments?post=622"}],"version-history":[{"count":11,"href":"https:\/\/www.h-tag.ch\/fr\/wp-json\/wp\/v2\/pages\/622\/revisions"}],"predecessor-version":[{"id":785,"href":"https:\/\/www.h-tag.ch\/fr\/wp-json\/wp\/v2\/pages\/622\/revisions\/785"}],"wp:attachment":[{"href":"https:\/\/www.h-tag.ch\/fr\/wp-json\/wp\/v2\/media?parent=622"}],"curies":[{"name":"wp","href":"https:\/\/api.w.org\/{rel}","templated":true}]}}